{"id":15,"date":"2014-09-04T14:15:41","date_gmt":"2014-09-04T12:15:41","guid":{"rendered":"http:\/\/localhost\/ejc2015\/?page_id=15"},"modified":"2015-06-04T14:39:00","modified_gmt":"2015-06-04T12:39:00","slug":"programme-commitee","status":"publish","type":"page","link":"https:\/\/ejc2015.um.si\/?page_id=15","title":{"rendered":"Commitees"},"content":{"rendered":"<h3 style=\"color: #545454;\">Commitees<\/h3>\n<p style=\"color: #545454;\"><strong>General Chair<\/strong><\/p>\n<ul style=\"color: #666666;\">\n<li>Hannu Kangassalo, University of Tampere, Finland<\/li>\n<\/ul>\n<p style=\"color: #545454;\"><strong><br \/>\nProgram Committee Co-Chairs<\/strong><\/p>\n<ul style=\"color: #666666;\">\n<li>Yasushi Kiyoki, Keio University, Kanagawa, Japan<\/li>\n<li>Bernhard Thalheim, Christian-Albrechts University Kiel, Germany<\/li>\n<\/ul>\n<p style=\"color: #545454;\"><strong><br \/>\nGeneral Organising Chair<\/strong><\/p>\n<ul style=\"color: #666666;\">\n<li>Hannu Jaakkola, Tampere University of Technology (Pori), Finland<\/li>\n<\/ul>\n<p style=\"color: #545454;\"><strong><br \/>\nOrganising Committee<\/strong><\/p>\n<ul style=\"color: #666666;\">\n<li>Tatjana Welzer-Dru\u017eovec,\u00a0University of Maribor, Slovenia<\/li>\n<li>Marko H\u00f6lbl, University of Maribor, Slovenia<\/li>\n<li>Lili Nemec Zolatolas, University of Maribor, Slovenia<\/li>\n<li>Borut Zlatolas, University of Maribor, Slovenia<\/li>\n<li>Xing Chen, Kanagawa Institute of Technology, Japan<\/li>\n<li>Ulla Nevanranta (Publication), Tampere University of Technology (Pori), Finland<\/li>\n<\/ul>\n<p><strong><br \/>\nProgramme Coordination Team<\/strong><\/p>\n<ul style=\"color: #666666;\">\n<li>Naofumi Yoshida, Komazawa University, Japan (co-chairman)<\/li>\n<li>Anneli Heimb\u00fcrger, University of Jyv\u00e4skyl\u00e4, Finland (co-chairman)<\/li>\n<\/ul>\n<p><strong><br \/>\nProgram Committee Members<\/strong><\/p>\n<ul style=\"color: #666666;\">\n<li>TBA<\/li>\n<\/ul>\n","protected":false},"excerpt":{"rendered":"<p>Commitees General Chair Hannu Kangassalo, University of Tampere, Finland Program Committee Co-Chairs Yasushi Kiyoki, Keio University, Kanagawa, Japan Bernhard Thalheim, Christian-Albrechts University Kiel, Germany General Organising Chair Hannu Jaakkola, Tampere University of Technology (Pori), Finland Organising Committee Tatjana Welzer-Dru\u017eovec,\u00a0University of Maribor, Slovenia Marko H\u00f6lbl, University of Maribor, Slovenia Lili Nemec Zolatolas, University of Maribor, Slovenia [&hellip;]<\/p>\n","protected":false},"author":1,"featured_media":0,"parent":0,"menu_order":4,"comment_status":"open","ping_status":"open","template":"","meta":{"footnotes":""},"_links":{"self":[{"href":"https:\/\/ejc2015.um.si\/index.php?rest_route=\/wp\/v2\/pages\/15"}],"collection":[{"href":"https:\/\/ejc2015.um.si\/index.php?rest_route=\/wp\/v2\/pages"}],"about":[{"href":"https:\/\/ejc2015.um.si\/index.php?rest_route=\/wp\/v2\/types\/page"}],"author":[{"embeddable":true,"href":"https:\/\/ejc2015.um.si\/index.php?rest_route=\/wp\/v2\/users\/1"}],"replies":[{"embeddable":true,"href":"https:\/\/ejc2015.um.si\/index.php?rest_route=%2Fwp%2Fv2%2Fcomments&post=15"}],"version-history":[{"count":6,"href":"https:\/\/ejc2015.um.si\/index.php?rest_route=\/wp\/v2\/pages\/15\/revisions"}],"predecessor-version":[{"id":161,"href":"https:\/\/ejc2015.um.si\/index.php?rest_route=\/wp\/v2\/pages\/15\/revisions\/161"}],"wp:attachment":[{"href":"https:\/\/ejc2015.um.si\/index.php?rest_route=%2Fwp%2Fv2%2Fmedia&parent=15"}],"curies":[{"name":"wp","href":"https:\/\/api.w.org\/{rel}","templated":true}]}}